{"id":971,"date":"2025-11-28T14:15:24","date_gmt":"2025-11-28T14:15:24","guid":{"rendered":"https:\/\/singularisvr.com\/?page_id=971"},"modified":"2026-03-24T17:37:20","modified_gmt":"2026-03-24T17:37:20","slug":"guia","status":"publish","type":"page","link":"https:\/\/singularisvr.com\/en\/guia\/","title":{"rendered":"Installation and Setup Guide"},"content":{"rendered":"<div data-elementor-type=\"wp-post\" data-elementor-id=\"971\" class=\"elementor elementor-971\" data-elementor-post-type=\"page\">\n\t\t\t\t<div class=\"aux-parallax-section elementor-element elementor-element-88e4700 e-flex e-con-boxed elementor-invisible e-con e-parent\" data-id=\"88e4700\" data-element_type=\"container\" data-settings=\"{&quot;background_background&quot;:&quot;gradient&quot;,&quot;animation&quot;:&quot;fadeIn&quot;,&quot;animation_delay&quot;:300}\">\n\t\t\t\t\t<div class=\"e-con-inner\">\n\t\t<div class=\"elementor-element elementor-element-fd29382 e-con-full e-flex e-con e-child\" data-id=\"fd29382\" data-element_type=\"container\">\n\t\t<div class=\"elementor-element elementor-element-dd26309 e-con-full e-flex e-con e-child\" data-id=\"dd26309\" data-element_type=\"container\">\n\t\t\t\t<div class=\"elementor-element elementor-element-181b7a9 aux-appear-watch-animation aux-fade-in-up-1 elementor-widget elementor-widget-aux_modern_heading\" data-id=\"181b7a9\" data-element_type=\"widget\" data-widget_type=\"aux_modern_heading.default\">\n\t\t\t\t<div class=\"elementor-widget-container\">\n\t\t\t\t\t<section class=\"aux-widget-modern-heading\">\n            <div class=\"aux-widget-inner\"><h2 class=\"aux-modern-heading-primary\">SingularisVR<\/h2><h3 class=\"aux-modern-heading-secondary\"><span class=\"aux-head-before\">Installation and Setup Guide<\/span><\/h3><div class=\"aux-modern-heading-description\"><p>We\u2019ll guide you step-by-step through your VR headset setup and configuration<\/p><\/div><\/div>\n        <\/section>\t\t\t\t<\/div>\n\t\t\t\t<\/div>\n\t\t\t\t<\/div>\n\t\t\t\t<\/div>\n\t\t\t\t\t<\/div>\n\t\t\t\t<\/div>\n\t\t<div class=\"aux-parallax-section elementor-element elementor-element-da79e44 e-flex e-con-boxed e-con e-parent\" data-id=\"da79e44\" data-element_type=\"container\">\n\t\t\t\t\t<div class=\"e-con-inner\">\n\t\t<div class=\"elementor-element elementor-element-1609f06 e-con-full e-flex e-con e-child\" data-id=\"1609f06\" data-element_type=\"container\">\n\t\t\t\t<div class=\"elementor-element elementor-element-d3a344d aux-appear-watch-animation aux-fade-in-down-1 elementor-widget__width-initial elementor-widget elementor-widget-heading\" data-id=\"d3a344d\" data-element_type=\"widget\" data-widget_type=\"heading.default\">\n\t\t\t\t<div class=\"elementor-widget-container\">\n\t\t\t\t\t<h2 class=\"elementor-heading-title elementor-size-default\">Which VR headset do you want to set up?<\/h2>\t\t\t\t<\/div>\n\t\t\t\t<\/div>\n\t\t\t\t<div class=\"elementor-element elementor-element-2775a6c aux-appear-watch-animation aux-fade-in-down-1 elementor-widget__width-initial elementor-widget elementor-widget-heading\" data-id=\"2775a6c\" data-element_type=\"widget\" data-widget_type=\"heading.default\">\n\t\t\t\t<div class=\"elementor-widget-container\">\n\t\t\t\t\t<h2 class=\"elementor-heading-title elementor-size-default\">Select your VR headset model for a step-by-step installation and user guide.<\/h2>\t\t\t\t<\/div>\n\t\t\t\t<\/div>\n\t\t\t\t<\/div>\n\t\t\t\t\t<\/div>\n\t\t\t\t<\/div>\n\t\t<div class=\"aux-parallax-section elementor-element elementor-element-8d0dff4 e-flex e-con-boxed e-con e-parent\" data-id=\"8d0dff4\" data-element_type=\"container\">\n\t\t\t\t\t<div class=\"e-con-inner\">\n\t\t<div class=\"elementor-element elementor-element-37feed4 e-con-full e-flex e-con e-child\" data-id=\"37feed4\" data-element_type=\"container\">\n\t\t<div class=\"elementor-element elementor-element-ff6f6e6 e-con-full e-flex e-con e-child\" data-id=\"ff6f6e6\" data-element_type=\"container\">\n\t\t\t\t<div class=\"elementor-element elementor-element-036716d aux-appear-watch-animation aux-fade-in-left-1 elementor-widget elementor-widget-aux_image\" data-id=\"036716d\" data-element_type=\"widget\" data-widget_type=\"aux_image.default\">\n\t\t\t\t<div class=\"elementor-widget-container\">\n\t\t\t\t\t<section class=\"widget-container aux-widget-image aux-alignnone aux-parent-au6fe2cec7\">\n    <div class=\"aux-media-hint-frame\">\n        <div class=\"aux-media-image\" >\n        \n            \n\n            \n            <img fetchpriority=\"high\" decoding=\"async\" width=\"520\" height=\"304\" src=\"https:\/\/singularisvr.com\/wp-content\/uploads\/2025\/11\/metaquest.png\" class=\"aux-attachment aux-featured-image aux-attachment-id-977\" alt=\"metaquest\" srcset=\"https:\/\/singularisvr.com\/wp-content\/uploads\/2025\/11\/metaquest-150x150.png 150w,https:\/\/singularisvr.com\/wp-content\/uploads\/2025\/11\/metaquest-300x300.png 300w,https:\/\/singularisvr.com\/wp-content\/uploads\/2025\/11\/metaquest.png 520w\" data-ratio=\"1\" data-original-w=\"520\" sizes=\"(max-width:479px) 480px,(max-width:767px) 768px,(max-width:1023px) 1024px,520px\" \/>            \n                <\/div>\n    <\/div>\n\n<\/section><!-- widget-container -->\t\t\t\t<\/div>\n\t\t\t\t<\/div>\n\t\t\t\t<div class=\"elementor-element elementor-element-3dee221 elementor-widget elementor-widget-spacer\" data-id=\"3dee221\" data-element_type=\"widget\" data-widget_type=\"spacer.default\">\n\t\t\t\t<div class=\"elementor-widget-container\">\n\t\t\t\t\t\t\t<div class=\"elementor-spacer\">\n\t\t\t<div class=\"elementor-spacer-inner\"><\/div>\n\t\t<\/div>\n\t\t\t\t\t\t<\/div>\n\t\t\t\t<\/div>\n\t\t\t\t<div class=\"elementor-element elementor-element-3cac027 aux-appear-watch-animation aux-fade-in-left-1 elementor-widget elementor-widget-aux_modern_heading\" data-id=\"3cac027\" data-element_type=\"widget\" data-widget_type=\"aux_modern_heading.default\">\n\t\t\t\t<div class=\"elementor-widget-container\">\n\t\t\t\t\t<section class=\"aux-widget-modern-heading\">\n            <div class=\"aux-widget-inner\"><h2 class=\"aux-modern-heading-primary\">Meta Quest<\/h2><\/div>\n        <\/section>\t\t\t\t<\/div>\n\t\t\t\t<\/div>\n\t\t\t\t<div class=\"elementor-element elementor-element-9f57700 elementor-widget elementor-widget-aux_modern_button\" data-id=\"9f57700\" data-element_type=\"widget\" data-widget_type=\"aux_modern_button.default\">\n\t\t\t\t<div class=\"elementor-widget-container\">\n\t\t\t\t\t    <div class=\"aux-modern-button-wrapper aux-modern-button-align-\" >\n                    <a class=\"aux-modern-button aux-white aux-modern-button-lg aux-modern-button-normal aux-modern-button-default aux-icon-\" href=\"https:\/\/singularisvr.com\/en\/guia-meta-quest\/\">\n                <div class=\"aux-overlay\"><\/div>\n                                <div class=\"aux-text\">\n<span class=\"aux-text-before\">View Guide<\/span>                <\/div>\n            <\/a>\n            \n    <\/div>\n\n    \t\t\t\t<\/div>\n\t\t\t\t<\/div>\n\t\t\t\t<\/div>\n\t\t<div class=\"elementor-element elementor-element-cb1d29b e-con-full e-flex e-con e-child\" data-id=\"cb1d29b\" data-element_type=\"container\">\n\t\t\t\t<div class=\"elementor-element elementor-element-dd54aea aux-appear-watch-animation aux-fade-in-left-1 elementor-widget elementor-widget-aux_image\" data-id=\"dd54aea\" data-element_type=\"widget\" data-widget_type=\"aux_image.default\">\n\t\t\t\t<div class=\"elementor-widget-container\">\n\t\t\t\t\t<section class=\"widget-container aux-widget-image aux-alignnone aux-parent-au56d3a176\">\n    <div class=\"aux-media-hint-frame\">\n        <div class=\"aux-media-image\" >\n        \n            \n\n            \n            <img decoding=\"async\" width=\"456\" height=\"267\" src=\"https:\/\/singularisvr.com\/wp-content\/uploads\/2025\/11\/pico4ultra.png\" class=\"aux-attachment aux-featured-image aux-attachment-id-978\" alt=\"pico4ultra\" data-ratio=\"1.71\" data-original-w=\"456\" \/>            \n                <\/div>\n    <\/div>\n\n<\/section><!-- widget-container -->\t\t\t\t<\/div>\n\t\t\t\t<\/div>\n\t\t\t\t<div class=\"elementor-element elementor-element-bc9c738 elementor-widget elementor-widget-spacer\" data-id=\"bc9c738\" data-element_type=\"widget\" data-widget_type=\"spacer.default\">\n\t\t\t\t<div class=\"elementor-widget-container\">\n\t\t\t\t\t\t\t<div class=\"elementor-spacer\">\n\t\t\t<div class=\"elementor-spacer-inner\"><\/div>\n\t\t<\/div>\n\t\t\t\t\t\t<\/div>\n\t\t\t\t<\/div>\n\t\t\t\t<div class=\"elementor-element elementor-element-0a2b02a aux-appear-watch-animation aux-fade-in-left-1 elementor-widget elementor-widget-aux_modern_heading\" data-id=\"0a2b02a\" data-element_type=\"widget\" data-widget_type=\"aux_modern_heading.default\">\n\t\t\t\t<div class=\"elementor-widget-container\">\n\t\t\t\t\t<section class=\"aux-widget-modern-heading\">\n            <div class=\"aux-widget-inner\"><h2 class=\"aux-modern-heading-primary\">Pico 4 (Ultra)<\/h2><\/div>\n        <\/section>\t\t\t\t<\/div>\n\t\t\t\t<\/div>\n\t\t\t\t<div class=\"elementor-element elementor-element-dd72595 elementor-widget elementor-widget-aux_modern_button\" data-id=\"dd72595\" data-element_type=\"widget\" data-widget_type=\"aux_modern_button.default\">\n\t\t\t\t<div class=\"elementor-widget-container\">\n\t\t\t\t\t    <div class=\"aux-modern-button-wrapper aux-modern-button-align-\" >\n                    <a class=\"aux-modern-button aux-white aux-modern-button-lg aux-modern-button-normal aux-modern-button-default aux-icon-\" href=\"https:\/\/singularisvr.com\/en\/guia-pico\/\">\n                <div class=\"aux-overlay\"><\/div>\n                                <div class=\"aux-text\">\n<span class=\"aux-text-before\">View Guide<\/span>                <\/div>\n            <\/a>\n            \n    <\/div>\n\n    \t\t\t\t<\/div>\n\t\t\t\t<\/div>\n\t\t\t\t<\/div>\n\t\t<div class=\"elementor-element elementor-element-b358002 e-con-full e-flex e-con e-child\" data-id=\"b358002\" data-element_type=\"container\">\n\t\t\t\t<div class=\"elementor-element elementor-element-042d964 aux-appear-watch-animation aux-fade-in-left-1 elementor-widget elementor-widget-aux_image\" data-id=\"042d964\" data-element_type=\"widget\" data-widget_type=\"aux_image.default\">\n\t\t\t\t<div class=\"elementor-widget-container\">\n\t\t\t\t\t<section class=\"widget-container aux-widget-image aux-alignnone aux-parent-aud4373618\">\n    <div class=\"aux-media-hint-frame\">\n        <div class=\"aux-media-image\" >\n        \n            \n\n            \n            <img decoding=\"async\" width=\"520\" height=\"304\" src=\"https:\/\/singularisvr.com\/wp-content\/uploads\/2025\/11\/htc-vive.png\" class=\"aux-attachment aux-featured-image aux-attachment-id-976\" alt=\"htc-vive\" srcset=\"https:\/\/singularisvr.com\/wp-content\/uploads\/2025\/11\/htc-vive-150x150.png 150w,https:\/\/singularisvr.com\/wp-content\/uploads\/2025\/11\/htc-vive-300x300.png 300w,https:\/\/singularisvr.com\/wp-content\/uploads\/2025\/11\/htc-vive.png 520w\" data-ratio=\"1\" data-original-w=\"520\" sizes=\"(max-width:479px) 480px,(max-width:767px) 768px,(max-width:1023px) 1024px,520px\" \/>            \n                <\/div>\n    <\/div>\n\n<\/section><!-- widget-container -->\t\t\t\t<\/div>\n\t\t\t\t<\/div>\n\t\t\t\t<div class=\"elementor-element elementor-element-25947f6 elementor-widget elementor-widget-spacer\" data-id=\"25947f6\" data-element_type=\"widget\" data-widget_type=\"spacer.default\">\n\t\t\t\t<div class=\"elementor-widget-container\">\n\t\t\t\t\t\t\t<div class=\"elementor-spacer\">\n\t\t\t<div class=\"elementor-spacer-inner\"><\/div>\n\t\t<\/div>\n\t\t\t\t\t\t<\/div>\n\t\t\t\t<\/div>\n\t\t\t\t<div class=\"elementor-element elementor-element-c9a01c5 aux-appear-watch-animation aux-fade-in-left-1 elementor-widget elementor-widget-aux_modern_heading\" data-id=\"c9a01c5\" data-element_type=\"widget\" data-widget_type=\"aux_modern_heading.default\">\n\t\t\t\t<div class=\"elementor-widget-container\">\n\t\t\t\t\t<section class=\"aux-widget-modern-heading\">\n            <div class=\"aux-widget-inner\"><h2 class=\"aux-modern-heading-primary\">HTC Vive<\/h2><\/div>\n        <\/section>\t\t\t\t<\/div>\n\t\t\t\t<\/div>\n\t\t\t\t<div class=\"elementor-element elementor-element-e253209 elementor-widget elementor-widget-aux_modern_button\" data-id=\"e253209\" data-element_type=\"widget\" data-widget_type=\"aux_modern_button.default\">\n\t\t\t\t<div class=\"elementor-widget-container\">\n\t\t\t\t\t    <div class=\"aux-modern-button-wrapper aux-modern-button-align-\" >\n                    <a class=\"aux-modern-button aux-white aux-modern-button-lg aux-modern-button-normal aux-modern-button-default aux-icon-\" href=\"https:\/\/singularisvr.com\/en\/guia-htc\/\">\n                <div class=\"aux-overlay\"><\/div>\n                                <div class=\"aux-text\">\n<span class=\"aux-text-before\">View Guide<\/span>                <\/div>\n            <\/a>\n            \n    <\/div>\n\n    \t\t\t\t<\/div>\n\t\t\t\t<\/div>\n\t\t\t\t<\/div>\n\t\t\t\t<\/div>\n\t\t\t\t\t<\/div>\n\t\t\t\t<\/div>\n\t\t\t\t<\/div>","protected":false},"excerpt":{"rendered":"<p>SingularisVR Gu\u00eda de instalaci\u00f3n y uso Te ayudamos paso a paso a instalar y configurar tus lentes VR \u00bfCu\u00e1l lente VR quieres configurar? Selecciona el modelo de tu lente para ver la gu\u00eda de instalaci\u00f3n y de uso, paso a paso. Meta Quest Ver gu\u00eda Pico 4 (Ultra) Ver gu\u00eda HTC Vive Ver gu\u00eda<\/p>","protected":false},"author":1,"featured_media":0,"parent":0,"menu_order":0,"comment_status":"closed","ping_status":"closed","template":"templates\/page-builder-content.php","meta":{"footnotes":""},"class_list":["post-971","page","type-page","status-publish","hentry"],"_links":{"self":[{"href":"https:\/\/singularisvr.com\/en\/wp-json\/wp\/v2\/pages\/971","targetHints":{"allow":["GET"]}}],"collection":[{"href":"https:\/\/singularisvr.com\/en\/wp-json\/wp\/v2\/pages"}],"about":[{"href":"https:\/\/singularisvr.com\/en\/wp-json\/wp\/v2\/types\/page"}],"author":[{"embeddable":true,"href":"https:\/\/singularisvr.com\/en\/wp-json\/wp\/v2\/users\/1"}],"replies":[{"embeddable":true,"href":"https:\/\/singularisvr.com\/en\/wp-json\/wp\/v2\/comments?post=971"}],"version-history":[{"count":16,"href":"https:\/\/singularisvr.com\/en\/wp-json\/wp\/v2\/pages\/971\/revisions"}],"predecessor-version":[{"id":1256,"href":"https:\/\/singularisvr.com\/en\/wp-json\/wp\/v2\/pages\/971\/revisions\/1256"}],"wp:attachment":[{"href":"https:\/\/singularisvr.com\/en\/wp-json\/wp\/v2\/media?parent=971"}],"curies":[{"name":"wp","href":"https:\/\/api.w.org\/{rel}","templated":true}]}}