{"id":450,"date":"2025-08-18T16:14:35","date_gmt":"2025-08-18T16:14:35","guid":{"rendered":"https:\/\/ticier.cl\/singularisxr\/?page_id=450"},"modified":"2025-09-02T19:59:28","modified_gmt":"2025-09-02T19:59:28","slug":"comienza-de-cero","status":"publish","type":"page","link":"https:\/\/singularisvr.com\/en\/comienza-de-cero\/","title":{"rendered":"Start from scratch"},"content":{"rendered":"<div data-elementor-type=\"wp-post\" data-elementor-id=\"450\" class=\"elementor elementor-450\" data-elementor-post-type=\"page\">\n\t\t\t\t<div class=\"aux-parallax-section elementor-element elementor-element-88e4700 e-flex e-con-boxed elementor-invisible e-con e-parent\" data-id=\"88e4700\" data-element_type=\"container\" data-settings=\"{&quot;background_background&quot;:&quot;classic&quot;,&quot;animation&quot;:&quot;fadeIn&quot;,&quot;animation_delay&quot;:300}\">\n\t\t\t\t\t<div class=\"e-con-inner\">\n\t\t<div class=\"elementor-element elementor-element-fd29382 e-con-full e-flex e-con e-child\" data-id=\"fd29382\" data-element_type=\"container\">\n\t\t<div class=\"elementor-element elementor-element-dd26309 e-con-full e-flex e-con e-child\" data-id=\"dd26309\" data-element_type=\"container\">\n\t\t\t\t<div class=\"elementor-element elementor-element-181b7a9 aux-appear-watch-animation aux-fade-in-up-1 elementor-widget elementor-widget-aux_modern_heading\" data-id=\"181b7a9\" data-element_type=\"widget\" data-widget_type=\"aux_modern_heading.default\">\n\t\t\t\t<div class=\"elementor-widget-container\">\n\t\t\t\t\t<section class=\"aux-widget-modern-heading\">\n            <div class=\"aux-widget-inner\"><h2 class=\"aux-modern-heading-primary\">SingularisVR<\/h2><h3 class=\"aux-modern-heading-secondary\"><span class=\"aux-head-before\">Not sure where to start?<\/span><\/h3><div class=\"aux-modern-heading-description\"><p>From concept to implementation: We help you design, develop, and implement successful VR training solutions.<\/p><\/div><\/div>\n        <\/section>\t\t\t\t<\/div>\n\t\t\t\t<\/div>\n\t\t\t\t<\/div>\n\t\t\t\t<\/div>\n\t\t\t\t\t<\/div>\n\t\t\t\t<\/div>\n\t\t<div class=\"aux-parallax-section elementor-element elementor-element-da79e44 e-flex e-con-boxed e-con e-parent\" data-id=\"da79e44\" data-element_type=\"container\">\n\t\t\t\t\t<div class=\"e-con-inner\">\n\t\t<div class=\"elementor-element elementor-element-1609f06 e-con-full e-flex e-con e-child\" data-id=\"1609f06\" data-element_type=\"container\">\n\t\t\t\t<div class=\"elementor-element elementor-element-d3a344d aux-appear-watch-animation aux-fade-in-down-1 elementor-widget__width-initial elementor-widget elementor-widget-heading\" data-id=\"d3a344d\" data-element_type=\"widget\" data-widget_type=\"heading.default\">\n\t\t\t\t<div class=\"elementor-widget-container\">\n\t\t\t\t\t<h2 class=\"elementor-heading-title elementor-size-default\">With you every step of the way<\/h2>\t\t\t\t<\/div>\n\t\t\t\t<\/div>\n\t\t\t\t<\/div>\n\t\t\t\t\t<\/div>\n\t\t\t\t<\/div>\n\t\t<div class=\"aux-parallax-section elementor-element elementor-element-8d0dff4 e-flex e-con-boxed e-con e-parent\" data-id=\"8d0dff4\" data-element_type=\"container\">\n\t\t\t\t\t<div class=\"e-con-inner\">\n\t\t<div class=\"elementor-element elementor-element-37feed4 e-con-full e-flex e-con e-child\" data-id=\"37feed4\" data-element_type=\"container\">\n\t\t<div class=\"elementor-element elementor-element-ff6f6e6 e-con-full e-flex e-con e-child\" data-id=\"ff6f6e6\" data-element_type=\"container\">\n\t\t\t\t<div class=\"elementor-element elementor-element-036716d aux-appear-watch-animation aux-fade-in-left-1 elementor-widget elementor-widget-aux_image\" data-id=\"036716d\" data-element_type=\"widget\" data-widget_type=\"aux_image.default\">\n\t\t\t\t<div class=\"elementor-widget-container\">\n\t\t\t\t\t<section class=\"widget-container aux-widget-image aux-alignnone aux-parent-auf833edcb\">\n    <div class=\"aux-media-hint-frame\">\n        <div class=\"aux-media-image\" >\n        \n            \n\n            \n            <img fetchpriority=\"high\" decoding=\"async\" width=\"700\" height=\"700\" src=\"https:\/\/singularisvr.com\/wp-content\/uploads\/2025\/08\/comienza-de-cero-01.png\" class=\"aux-attachment aux-featured-image aux-attachment-id-453\" alt=\"comienza-de-cero-01\" srcset=\"https:\/\/singularisvr.com\/wp-content\/uploads\/2025\/08\/comienza-de-cero-01-150x150.png 150w,https:\/\/singularisvr.com\/wp-content\/uploads\/2025\/08\/comienza-de-cero-01-300x300.png 300w,https:\/\/singularisvr.com\/wp-content\/uploads\/2025\/08\/comienza-de-cero-01.png 700w\" data-ratio=\"1\" data-original-w=\"700\" sizes=\"(max-width:479px) 480px,(max-width:767px) 768px,(max-width:1023px) 1024px,700px\" \/>            \n                <\/div>\n    <\/div>\n\n<\/section><!-- widget-container -->\t\t\t\t<\/div>\n\t\t\t\t<\/div>\n\t\t\t\t<div class=\"elementor-element elementor-element-3dee221 elementor-widget elementor-widget-spacer\" data-id=\"3dee221\" data-element_type=\"widget\" data-widget_type=\"spacer.default\">\n\t\t\t\t<div class=\"elementor-widget-container\">\n\t\t\t\t\t\t\t<div class=\"elementor-spacer\">\n\t\t\t<div class=\"elementor-spacer-inner\"><\/div>\n\t\t<\/div>\n\t\t\t\t\t\t<\/div>\n\t\t\t\t<\/div>\n\t\t\t\t<div class=\"elementor-element elementor-element-3cac027 aux-appear-watch-animation aux-fade-in-left-1 elementor-widget elementor-widget-aux_modern_heading\" data-id=\"3cac027\" data-element_type=\"widget\" data-widget_type=\"aux_modern_heading.default\">\n\t\t\t\t<div class=\"elementor-widget-container\">\n\t\t\t\t\t<section class=\"aux-widget-modern-heading\">\n            <div class=\"aux-widget-inner\"><h2 class=\"aux-modern-heading-primary\">Diagnosis and strategy<\/h2><div class=\"aux-modern-heading-description\"><p>We analyze your objectives, learning goals, budget, and infrastructure to design the best VR strategy.<\/p><\/div><\/div>\n        <\/section>\t\t\t\t<\/div>\n\t\t\t\t<\/div>\n\t\t\t\t<\/div>\n\t\t<div class=\"elementor-element elementor-element-cb1d29b e-con-full e-flex e-con e-child\" data-id=\"cb1d29b\" data-element_type=\"container\">\n\t\t\t\t<div class=\"elementor-element elementor-element-dd54aea aux-appear-watch-animation aux-fade-in-left-1 elementor-widget elementor-widget-aux_image\" data-id=\"dd54aea\" data-element_type=\"widget\" data-widget_type=\"aux_image.default\">\n\t\t\t\t<div class=\"elementor-widget-container\">\n\t\t\t\t\t<section class=\"widget-container aux-widget-image aux-alignnone aux-parent-au645e6ccf\">\n    <div class=\"aux-media-hint-frame\">\n        <div class=\"aux-media-image\" >\n        \n            \n\n            \n            <img decoding=\"async\" width=\"700\" height=\"700\" src=\"https:\/\/singularisvr.com\/wp-content\/uploads\/2025\/08\/comienza-de-cero-02.png\" class=\"aux-attachment aux-featured-image aux-attachment-id-454\" alt=\"comienza-de-cero-02\" srcset=\"https:\/\/singularisvr.com\/wp-content\/uploads\/2025\/08\/comienza-de-cero-02-150x150.png 150w,https:\/\/singularisvr.com\/wp-content\/uploads\/2025\/08\/comienza-de-cero-02-300x300.png 300w,https:\/\/singularisvr.com\/wp-content\/uploads\/2025\/08\/comienza-de-cero-02.png 700w\" data-ratio=\"1\" data-original-w=\"700\" sizes=\"(max-width:479px) 480px,(max-width:767px) 768px,(max-width:1023px) 1024px,700px\" \/>            \n                <\/div>\n    <\/div>\n\n<\/section><!-- widget-container -->\t\t\t\t<\/div>\n\t\t\t\t<\/div>\n\t\t\t\t<div class=\"elementor-element elementor-element-bc9c738 elementor-widget elementor-widget-spacer\" data-id=\"bc9c738\" data-element_type=\"widget\" data-widget_type=\"spacer.default\">\n\t\t\t\t<div class=\"elementor-widget-container\">\n\t\t\t\t\t\t\t<div class=\"elementor-spacer\">\n\t\t\t<div class=\"elementor-spacer-inner\"><\/div>\n\t\t<\/div>\n\t\t\t\t\t\t<\/div>\n\t\t\t\t<\/div>\n\t\t\t\t<div class=\"elementor-element elementor-element-0a2b02a aux-appear-watch-animation aux-fade-in-left-1 elementor-widget elementor-widget-aux_modern_heading\" data-id=\"0a2b02a\" data-element_type=\"widget\" data-widget_type=\"aux_modern_heading.default\">\n\t\t\t\t<div class=\"elementor-widget-container\">\n\t\t\t\t\t<section class=\"aux-widget-modern-heading\">\n            <div class=\"aux-widget-inner\"><h2 class=\"aux-modern-heading-primary\">Resource acquisition<\/h2><div class=\"aux-modern-heading-description\"><p>We help you purchase the best hardware, applications, and content to implement VR labs and training rooms.<\/p><\/div><\/div>\n        <\/section>\t\t\t\t<\/div>\n\t\t\t\t<\/div>\n\t\t\t\t<\/div>\n\t\t\t\t<\/div>\n\t\t<div class=\"elementor-element elementor-element-cdcfd8f e-con-full e-flex e-con e-child\" data-id=\"cdcfd8f\" data-element_type=\"container\">\n\t\t<div class=\"elementor-element elementor-element-87086f5 e-con-full e-flex e-con e-child\" data-id=\"87086f5\" data-element_type=\"container\">\n\t\t\t\t<div class=\"elementor-element elementor-element-3a889ef aux-appear-watch-animation aux-fade-in-left-1 elementor-widget elementor-widget-aux_image\" data-id=\"3a889ef\" data-element_type=\"widget\" data-widget_type=\"aux_image.default\">\n\t\t\t\t<div class=\"elementor-widget-container\">\n\t\t\t\t\t<section class=\"widget-container aux-widget-image aux-alignnone aux-parent-au09b8d309\">\n    <div class=\"aux-media-hint-frame\">\n        <div class=\"aux-media-image\" >\n        \n            \n\n            \n            <img decoding=\"async\" width=\"700\" height=\"700\" src=\"https:\/\/singularisvr.com\/wp-content\/uploads\/2025\/08\/comienza-de-cero-03.png\" class=\"aux-attachment aux-featured-image aux-attachment-id-455\" alt=\"comienza-de-cero-03\" srcset=\"https:\/\/singularisvr.com\/wp-content\/uploads\/2025\/08\/comienza-de-cero-03-150x150.png 150w,https:\/\/singularisvr.com\/wp-content\/uploads\/2025\/08\/comienza-de-cero-03-300x300.png 300w,https:\/\/singularisvr.com\/wp-content\/uploads\/2025\/08\/comienza-de-cero-03.png 700w\" data-ratio=\"1\" data-original-w=\"700\" sizes=\"(max-width:479px) 480px,(max-width:767px) 768px,(max-width:1023px) 1024px,700px\" \/>            \n                <\/div>\n    <\/div>\n\n<\/section><!-- widget-container -->\t\t\t\t<\/div>\n\t\t\t\t<\/div>\n\t\t\t\t<div class=\"elementor-element elementor-element-8481b85 elementor-widget elementor-widget-spacer\" data-id=\"8481b85\" data-element_type=\"widget\" data-widget_type=\"spacer.default\">\n\t\t\t\t<div class=\"elementor-widget-container\">\n\t\t\t\t\t\t\t<div class=\"elementor-spacer\">\n\t\t\t<div class=\"elementor-spacer-inner\"><\/div>\n\t\t<\/div>\n\t\t\t\t\t\t<\/div>\n\t\t\t\t<\/div>\n\t\t\t\t<div class=\"elementor-element elementor-element-c2125ba aux-appear-watch-animation aux-fade-in-left-1 elementor-widget elementor-widget-aux_modern_heading\" data-id=\"c2125ba\" data-element_type=\"widget\" data-widget_type=\"aux_modern_heading.default\">\n\t\t\t\t<div class=\"elementor-widget-container\">\n\t\t\t\t\t<section class=\"aux-widget-modern-heading\">\n            <div class=\"aux-widget-inner\"><h2 class=\"aux-modern-heading-primary\">Content development<\/h2><div class=\"aux-modern-heading-description\"><p>We design and produce immersive experiences that serve your pedagogical model and learning objectives.<\/p><\/div><\/div>\n        <\/section>\t\t\t\t<\/div>\n\t\t\t\t<\/div>\n\t\t\t\t<\/div>\n\t\t<div class=\"elementor-element elementor-element-12ca386 e-con-full e-flex e-con e-child\" data-id=\"12ca386\" data-element_type=\"container\">\n\t\t\t\t<div class=\"elementor-element elementor-element-1da2714 aux-appear-watch-animation aux-fade-in-left-1 elementor-widget elementor-widget-aux_image\" data-id=\"1da2714\" data-element_type=\"widget\" data-widget_type=\"aux_image.default\">\n\t\t\t\t<div class=\"elementor-widget-container\">\n\t\t\t\t\t<section class=\"widget-container aux-widget-image aux-alignnone aux-parent-aub8941af5\">\n    <div class=\"aux-media-hint-frame\">\n        <div class=\"aux-media-image\" >\n        \n            \n\n            \n            <img loading=\"lazy\" decoding=\"async\" width=\"700\" height=\"700\" src=\"https:\/\/singularisvr.com\/wp-content\/uploads\/2025\/08\/comienza-de-cero-04a.png\" class=\"aux-attachment aux-featured-image aux-attachment-id-800\" alt=\"comienza-de-cero-04a\" srcset=\"https:\/\/singularisvr.com\/wp-content\/uploads\/2025\/08\/comienza-de-cero-04a-150x150.png 150w,https:\/\/singularisvr.com\/wp-content\/uploads\/2025\/08\/comienza-de-cero-04a-300x300.png 300w,https:\/\/singularisvr.com\/wp-content\/uploads\/2025\/08\/comienza-de-cero-04a.png 700w\" data-ratio=\"1\" data-original-w=\"700\" sizes=\"(max-width:479px) 480px,(max-width:767px) 768px,(max-width:1023px) 1024px,700px\" \/>            \n                <\/div>\n    <\/div>\n\n<\/section><!-- widget-container -->\t\t\t\t<\/div>\n\t\t\t\t<\/div>\n\t\t\t\t<div class=\"elementor-element elementor-element-15ecb54 elementor-widget elementor-widget-spacer\" data-id=\"15ecb54\" data-element_type=\"widget\" data-widget_type=\"spacer.default\">\n\t\t\t\t<div class=\"elementor-widget-container\">\n\t\t\t\t\t\t\t<div class=\"elementor-spacer\">\n\t\t\t<div class=\"elementor-spacer-inner\"><\/div>\n\t\t<\/div>\n\t\t\t\t\t\t<\/div>\n\t\t\t\t<\/div>\n\t\t\t\t<div class=\"elementor-element elementor-element-9c3726a aux-appear-watch-animation aux-fade-in-left-1 elementor-widget elementor-widget-aux_modern_heading\" data-id=\"9c3726a\" data-element_type=\"widget\" data-widget_type=\"aux_modern_heading.default\">\n\t\t\t\t<div class=\"elementor-widget-container\">\n\t\t\t\t\t<section class=\"aux-widget-modern-heading\">\n            <div class=\"aux-widget-inner\"><h2 class=\"aux-modern-heading-primary\">Ready to Use<\/h2><div class=\"aux-modern-heading-description\"><p>We activate SingularisVR, connect it to your systems, and set up everything so you can start transforming learning.<\/p><\/div><\/div>\n        <\/section>\t\t\t\t<\/div>\n\t\t\t\t<\/div>\n\t\t\t\t<\/div>\n\t\t\t\t<\/div>\n\t\t<div class=\"elementor-element elementor-element-2b3dd30 e-con-full e-flex e-con e-child\" data-id=\"2b3dd30\" data-element_type=\"container\">\n\t\t<div class=\"elementor-element elementor-element-b22d61c e-con-full e-flex e-con e-child\" data-id=\"b22d61c\" data-element_type=\"container\">\n\t\t\t\t<div class=\"elementor-element elementor-element-0567a2c aux-appear-watch-animation aux-fade-in-left-1 elementor-widget elementor-widget-aux_image\" data-id=\"0567a2c\" data-element_type=\"widget\" data-widget_type=\"aux_image.default\">\n\t\t\t\t<div class=\"elementor-widget-container\">\n\t\t\t\t\t<section class=\"widget-container aux-widget-image aux-alignnone aux-parent-audb3488cb\">\n    <div class=\"aux-media-hint-frame\">\n        <div class=\"aux-media-image\" >\n        \n            \n\n            \n            <img loading=\"lazy\" decoding=\"async\" width=\"700\" height=\"700\" src=\"https:\/\/singularisvr.com\/wp-content\/uploads\/2025\/08\/comienza-de-cero-05a.png\" class=\"aux-attachment aux-featured-image aux-attachment-id-801\" alt=\"comienza-de-cero-05a\" srcset=\"https:\/\/singularisvr.com\/wp-content\/uploads\/2025\/08\/comienza-de-cero-05a-150x150.png 150w,https:\/\/singularisvr.com\/wp-content\/uploads\/2025\/08\/comienza-de-cero-05a-300x300.png 300w,https:\/\/singularisvr.com\/wp-content\/uploads\/2025\/08\/comienza-de-cero-05a.png 700w\" data-ratio=\"1\" data-original-w=\"700\" sizes=\"(max-width:479px) 480px,(max-width:767px) 768px,(max-width:1023px) 1024px,700px\" \/>            \n                <\/div>\n    <\/div>\n\n<\/section><!-- widget-container -->\t\t\t\t<\/div>\n\t\t\t\t<\/div>\n\t\t\t\t<div class=\"elementor-element elementor-element-7d0aca0 elementor-widget elementor-widget-spacer\" data-id=\"7d0aca0\" data-element_type=\"widget\" data-widget_type=\"spacer.default\">\n\t\t\t\t<div class=\"elementor-widget-container\">\n\t\t\t\t\t\t\t<div class=\"elementor-spacer\">\n\t\t\t<div class=\"elementor-spacer-inner\"><\/div>\n\t\t<\/div>\n\t\t\t\t\t\t<\/div>\n\t\t\t\t<\/div>\n\t\t\t\t<div class=\"elementor-element elementor-element-0d13e65 aux-appear-watch-animation aux-fade-in-left-1 elementor-widget elementor-widget-aux_modern_heading\" data-id=\"0d13e65\" data-element_type=\"widget\" data-widget_type=\"aux_modern_heading.default\">\n\t\t\t\t<div class=\"elementor-widget-container\">\n\t\t\t\t\t<section class=\"aux-widget-modern-heading\">\n            <div class=\"aux-widget-inner\"><h2 class=\"aux-modern-heading-primary\">Team Training<\/h2><div class=\"aux-modern-heading-description\"><p>We train your teams to use the platform and other tools autonomously and with best practices.<\/p><\/div><\/div>\n        <\/section>\t\t\t\t<\/div>\n\t\t\t\t<\/div>\n\t\t\t\t<\/div>\n\t\t<div class=\"elementor-element elementor-element-854f4bc e-con-full e-flex e-con e-child\" data-id=\"854f4bc\" data-element_type=\"container\">\n\t\t\t\t<div class=\"elementor-element elementor-element-a6315b2 aux-appear-watch-animation aux-fade-in-left-1 elementor-widget elementor-widget-aux_image\" data-id=\"a6315b2\" data-element_type=\"widget\" data-widget_type=\"aux_image.default\">\n\t\t\t\t<div class=\"elementor-widget-container\">\n\t\t\t\t\t<section class=\"widget-container aux-widget-image aux-alignnone aux-parent-auc4837439\">\n    <div class=\"aux-media-hint-frame\">\n        <div class=\"aux-media-image\" >\n        \n            \n\n            \n            <img loading=\"lazy\" decoding=\"async\" width=\"700\" height=\"700\" src=\"https:\/\/singularisvr.com\/wp-content\/uploads\/2025\/08\/comienza-de-cero-06.png\" class=\"aux-attachment aux-featured-image aux-attachment-id-458\" alt=\"comienza-de-cero-06\" srcset=\"https:\/\/singularisvr.com\/wp-content\/uploads\/2025\/08\/comienza-de-cero-06-150x150.png 150w,https:\/\/singularisvr.com\/wp-content\/uploads\/2025\/08\/comienza-de-cero-06-300x300.png 300w,https:\/\/singularisvr.com\/wp-content\/uploads\/2025\/08\/comienza-de-cero-06.png 700w\" data-ratio=\"1\" data-original-w=\"700\" sizes=\"(max-width:479px) 480px,(max-width:767px) 768px,(max-width:1023px) 1024px,700px\" \/>            \n                <\/div>\n    <\/div>\n\n<\/section><!-- widget-container -->\t\t\t\t<\/div>\n\t\t\t\t<\/div>\n\t\t\t\t<div class=\"elementor-element elementor-element-062dc97 elementor-widget elementor-widget-spacer\" data-id=\"062dc97\" data-element_type=\"widget\" data-widget_type=\"spacer.default\">\n\t\t\t\t<div class=\"elementor-widget-container\">\n\t\t\t\t\t\t\t<div class=\"elementor-spacer\">\n\t\t\t<div class=\"elementor-spacer-inner\"><\/div>\n\t\t<\/div>\n\t\t\t\t\t\t<\/div>\n\t\t\t\t<\/div>\n\t\t\t\t<div class=\"elementor-element elementor-element-7070f2e aux-appear-watch-animation aux-fade-in-left-1 elementor-widget elementor-widget-aux_modern_heading\" data-id=\"7070f2e\" data-element_type=\"widget\" data-widget_type=\"aux_modern_heading.default\">\n\t\t\t\t<div class=\"elementor-widget-container\">\n\t\t\t\t\t<section class=\"aux-widget-modern-heading\">\n            <div class=\"aux-widget-inner\"><h2 class=\"aux-modern-heading-primary\">Impact Measurement<\/h2><div class=\"aux-modern-heading-description\"><p>We help you define indicators, read key metrics, and generate resorts that show the real value of your VR strategy.<\/p><\/div><\/div>\n        <\/section>\t\t\t\t<\/div>\n\t\t\t\t<\/div>\n\t\t\t\t<\/div>\n\t\t\t\t<\/div>\n\t\t\t\t\t<\/div>\n\t\t\t\t<\/div>\n\t\t<div class=\"aux-parallax-section elementor-element elementor-element-0c3d39b e-flex e-con-boxed e-con e-parent\" data-id=\"0c3d39b\" data-element_type=\"container\" data-settings=\"{&quot;background_background&quot;:&quot;classic&quot;}\">\n\t\t\t\t\t<div class=\"e-con-inner\">\n\t\t\t\t<div class=\"elementor-element elementor-element-22b8a8f aux-appear-watch-animation aux-fade-in-up-1 elementor-widget elementor-widget-aux_modern_heading\" data-id=\"22b8a8f\" data-element_type=\"widget\" data-widget_type=\"aux_modern_heading.default\">\n\t\t\t\t<div class=\"elementor-widget-container\">\n\t\t\t\t\t<section class=\"aux-widget-modern-heading\">\n            <div class=\"aux-widget-inner\"><h2 class=\"aux-modern-heading-primary\">Begin your journey today by requesting your pilot<\/h2><\/div>\n        <\/section>\t\t\t\t<\/div>\n\t\t\t\t<\/div>\n\t\t\t\t<div class=\"elementor-element elementor-element-94513e4 aux-appear-watch-animation aux-fade-in-up-1 elementor-widget elementor-widget-aux_modern_button\" data-id=\"94513e4\" data-element_type=\"widget\" data-widget_type=\"aux_modern_button.default\">\n\t\t\t\t<div class=\"elementor-widget-container\">\n\t\t\t\t\t    <div class=\"aux-modern-button-wrapper aux-modern-button-align-\" >\n                    <a class=\"aux-modern-button aux-white aux-modern-button-lg aux-modern-button-normal aux-modern-button-default aux-icon-\" href=\"#elementor-action%3Aaction%3Dpopup%3Aopen%26settings%3DeyJpZCI6Ijg1MSIsInRvZ2dsZSI6ZmFsc2V9\">\n                <div class=\"aux-overlay\"><\/div>\n                                    <div class=\"aux-icon\">\n                                            <\/div>\n                                <div class=\"aux-text\">\n<span class=\"aux-text-before\">Request<\/span>                <\/div>\n            <\/a>\n            \n    <\/div>\n\n    \t\t\t\t<\/div>\n\t\t\t\t<\/div>\n\t\t\t\t\t<\/div>\n\t\t\t\t<\/div>\n\t\t\t\t<\/div>","protected":false},"excerpt":{"rendered":"<p>SingularisVR \u00bfNo sabes por d\u00f3nde empezar? De la idea a la implementaci\u00f3n: Te ayudamos a dise\u00f1ar, desarrollar e implementar soluciones VR de entrenamiento exitosas. Contigo en cada paso del proceso Diagn\u00f3stico y estrategia Analizamos tus objetivos, metas de aprendizaje, presupuesto e infraestructura para dise\u00f1ar la mejor estrategia VR. Adquisici\u00f3n de recursos Te ayudamos en la [&hellip;]<\/p>","protected":false},"author":1,"featured_media":0,"parent":0,"menu_order":0,"comment_status":"closed","ping_status":"closed","template":"templates\/page-builder-content.php","meta":{"footnotes":""},"class_list":["post-450","page","type-page","status-publish","hentry"],"_links":{"self":[{"href":"https:\/\/singularisvr.com\/en\/wp-json\/wp\/v2\/pages\/450","targetHints":{"allow":["GET"]}}],"collection":[{"href":"https:\/\/singularisvr.com\/en\/wp-json\/wp\/v2\/pages"}],"about":[{"href":"https:\/\/singularisvr.com\/en\/wp-json\/wp\/v2\/types\/page"}],"author":[{"embeddable":true,"href":"https:\/\/singularisvr.com\/en\/wp-json\/wp\/v2\/users\/1"}],"replies":[{"embeddable":true,"href":"https:\/\/singularisvr.com\/en\/wp-json\/wp\/v2\/comments?post=450"}],"version-history":[{"count":28,"href":"https:\/\/singularisvr.com\/en\/wp-json\/wp\/v2\/pages\/450\/revisions"}],"predecessor-version":[{"id":872,"href":"https:\/\/singularisvr.com\/en\/wp-json\/wp\/v2\/pages\/450\/revisions\/872"}],"wp:attachment":[{"href":"https:\/\/singularisvr.com\/en\/wp-json\/wp\/v2\/media?parent=450"}],"curies":[{"name":"wp","href":"https:\/\/api.w.org\/{rel}","templated":true}]}}